{"id":66,"date":"2024-09-26T12:40:06","date_gmt":"2024-09-26T12:40:06","guid":{"rendered":"https:\/\/qfriends.com.tr\/?page_id=66"},"modified":"2024-09-26T12:40:06","modified_gmt":"2024-09-26T12:40:06","slug":"projeler","status":"publish","type":"page","link":"https:\/\/qfriends.com.tr\/index.php\/projeler\/","title":{"rendered":"Projeler"},"content":{"rendered":"<h2><u>\u00c7e\u015fitli projelerimiz:<\/u><\/h2>\n<ol>\n<li>\n<p>Karadelik \u00c7\u00f6z\u00fcmleri, Y\u00fcksek\u00f6\u011fretim Kurumlar\u0131 taraf\u0131ndan destekli bilimsel ara\u015ft\u0131rma projesi,<br \/>\n        Y\u00fcr\u00fct\u00fcc\u00fc:\u0130HSAN YILMAZ, , 01\/04\/2003 &#8211; 06\/06\/2005 (ULUSAL)<\/li>\n<li>\n<p>Kuantum Bili\u015fim Teknolojileri Kullan\u0131larak Kuantum A\u011f Sim\u00fclasyon Yaz\u0131l\u0131m\u0131 Geli\u015ftirilmesi, T\u00dcB\u0130TAK<br \/>\n        PROJES\u0130, Y\u00fcr\u00fct\u00fcc\u00fc:\u0130HSAN YILMAZ, Bursiyer:ERD\u0130 ACAR, Bursiyer:Osman Semi CEYLAN, Bursiyer:Murat<br \/>\n        Boy, Bursiyer:Bu\u011fra Ya\u015far, , 01\/08\/2020 &#8211; 01\/08\/2022 (ULUSAL)<\/li>\n<li>\n<p>Rotasyon yapan g\u00f6del evren in de garip qu ark madde \u00e7\u00f6z\u00fc mleri, Y\u00fcksek\u00f6\u011fretim Kurumlar\u0131<br \/>\n        taraf\u0131ndan destekli bilimsel ara\u015ft\u0131rma projesi, Y\u00fcr\u00fct\u00fcc\u00fc:\u0130HSAN YILMAZ, , 06\/06\/2005 &#8211; 23\/02\/2006<br \/>\n        (ULUSAL)<\/li>\n<li>\n<p>Kuark Gluon Maddenin Uzay-Zaman Geometrisi, Y\u00fcksek\u00f6\u011fretim Kurumlar\u0131 taraf\u0131ndan destekli<br \/>\n        bilimsel ara\u015ft\u0131rma projesi, Y\u00fcr\u00fct\u00fcc\u00fc:\u0130HSAN YILMAZ, , 01\/05\/2006 &#8211; 05\/08\/2008 (<\/li>\n<li>\n<p>Creation Field teori ve evrenin ivmelenmesi probleminin ara\u015ft\u0131r\u0131lmas\u0131, Y\u00fcksek\u00f6\u011fretim Kurumlar\u0131<br \/>\n        taraf\u0131ndan destekli bilimsel ara\u015ft\u0131rma projesi, Y\u00fcr\u00fct\u00fcc\u00fc:AYG\u00dcN SEZG\u0130N,Ara\u015ft\u0131rmac\u0131:AKTA\u015e, Ara\u015ft\u0131rmac\u0131:YILMAZ \u0130HSAN,Ara\u015ft\u0131rmac\u0131:\u015eAH\u0130N MUSTAFA, , 12\/02\/2016 &#8211; 11\/10\/2016 (ULUSAL)<\/li>\n<li>\n<p>Kuantum Bilgi \u0130\u015flem Temelli Elektronik \u0130mza Yaz\u0131l\u0131m\u0131 Geli\u015ftirilmesi, Y\u00fcksek\u00f6\u011fretim Kurumlar\u0131<br \/>\n        taraf\u0131ndan destekli bilimsel ara\u015ft\u0131rma projesi, Y\u00fcr\u00fct\u00fcc\u00fc;\u0130HSAN YILMAZ, Ara\u015ft\u0131rmac\u0131;CUMAL\u0130 YA\u015eAR, ,<br \/>\n        04\/04\/2018 &#8211; 19\/10\/2020 (ULUSAL)<\/li>\n<li>\n<p>Kuark Madenin \u00c7\u00f6kmesiyel Karadelik Olu\u015fumu, Y\u00fcksek\u00f6\u011fretim Kurumlar\u0131 taraf\u0131ndan destekli bilimsel<br \/>\n        ara\u015ft\u0131rma projesi, Y\u00fcr\u00fct\u00fcc\u00fc:\u0130HSAN YILMAZ, Ara\u015ft\u0131rmac\u0131:CAN AKTA\u015e, , 25\/03\/2011 &#8211; 22\/12\/2016<br \/>\n        (ULUSAL)<\/li>\n<li>\n<p>Karanl\u0131k Madde Ve Karanl\u0131k Enerji \u00c7\u00f6z\u00fcmleri, Y\u00fcksek\u00f6\u011fretim Kurumlar\u0131 taraf\u0131ndan destekli bilimsel<br \/>\n        ara\u015ft\u0131rma projesi, Y\u00fcr\u00fct\u00fcc\u00fc:YILMAZ \u0130HSAN, , 01\/05\/2006 &#8211; 01\/05\/2009 (ULUSAL)<\/li>\n<li>\n<p>Tetrad Teoride Kara Delik ve Solucan Delikleri i\u00e7in Enerji Momentum Da\u011f\u0131l\u0131mlar\u0131n\u0131n Ara\u015ft\u0131r\u0131lmas\u0131,<br \/>\n        Y\u00fcksek\u00f6\u011fretim Kurumlar\u0131 taraf\u0131ndan destekli bilimsel ara\u015ft\u0131rma projesi, Ara\u015ft\u0131rmac\u0131;CAN AKTA\u015e,<br \/>\n        Y\u00fcr\u00fct\u00fcc\u00fc;SEZG\u0130N AYG\u00dcN, Ara\u015ft\u0131rmac\u0131;\u0130HSAN YILMAZ, , 16\/04\/2018 &#8211; 24\/12\/2018 (ULUSAL)<\/li>\n<li>\n<p>Renyi Entropisi ve Holografik Karanl\u0131k Enerji Modeli, Y\u00fcksek\u00f6\u011fretim Kurumlar\u0131 taraf\u0131ndan destekli<br \/>\n        bilimsel ara\u015ft\u0131rma projesi, Y\u00fcr\u00fct\u00fcc\u00fc;\u0130HSAN YILMAZ, , 06\/11\/2023 &#8211; 10\/09\/2024 (ULUSAL)<\/li>\n<li>\n<p>\u00c7ok dalga boylu kuantum g\u00f6r\u00fcnt\u00fclerde kenar belirleme algoritmalar\u0131n\u0131n geli\u015ftirilmesi, Y\u00fcksek\u00f6\u011fretim<br \/>\n        Kurumlar\u0131 taraf\u0131ndan destekli bilimsel ara\u015ft\u0131rma projesi, Y\u00fcr\u00fct\u00fcc\u00fc;ENG\u0130N \u015eAH\u0130N, Ara\u015ft\u0131rmac\u0131;\u0130HSAN<br \/>\n        YILMAZ, 11\/09\/2019 &#8211; 21\/05\/2020 (ULUSAL)<\/li>\n<li>\n<p>Evrenin ivmelenmesi probleminin f(R,T) gravitasyon teorisinde ara\u015ft\u0131r\u0131lmas\u0131, Y\u00fcksek\u00f6\u011fretim<br \/>\n        Kurumlar\u0131 taraf\u0131ndan destekli bilimsel ara\u015ft\u0131rma projesi, Ara<br \/>\n        \u0130HSAN,Ara\u015ft\u0131rmac\u0131:AKTA\u015e CAN,Y\u00fcr\u00fct\u00fcc\u00fc:AYG\u00dcN SEZG\u0130N, , 05\/04\/2017 &#8211; 28\/12\/2017 (ULUSAL)<br \/>\n        12. Kuark Gluon Madde \u00c7\u00f6z\u00fcmleri, Y\u00fcksek\u00f6\u011fretim Kurumlar\u0131 taraf\u0131ndan destekli bilimsel ara\u015ft\u0131rma<br \/>\n        projesi, Y\u00f6netici, , 11\/01\/2006 &#8211; 16\/01\/2008 (ULUSAL)<\/li>\n<li>\n<p>Rotasyon Yapan \u0130deal Ak\u0131\u015fkanl\u0131 Skaler Alanl\u0131 ve Is\u0131 Ak\u0131l\u0131 Kozmolojik Modeller, Y\u00fcksek\u00f6\u011fretim<br \/>\n        Kurumlar\u0131 taraf\u0131ndan destekli bilimsel ara\u015ft\u0131rma projesi, Ara\u015ft\u0131rmac\u0131, , 08\/01\/2001 &#8211; 02\/01\/2002<br \/>\n        (ULUSAL)<\/li>\n<li>\n<p>Szekeres Tipi \u0130nhomogen Kozmolojilerde String \u00c7\u00f6z\u00fcmleri, T\u00dcB\u0130TAK PROJES\u0130, Ara\u015ft\u0131rmac\u0131,<br \/>\n        08\/01\/1997 &#8211; 12\/01\/1999 (ULUSAL)<\/li>\n<li>\n<p>Bianchi tip I III ve Kantowski Sachs Uzay zamanlar\u0131n Ricci Kollinasyonlar\u0131, T\u00dcB\u0130TAK PROJES\u0130,<br \/>\n        Ara\u015ft\u0131rmac\u0131, , 07\/01\/1997 &#8211; 06\/01\/1998 (ULUSAL)<\/li>\n<\/ol>\n","protected":false},"excerpt":{"rendered":"<p>\u00c7e\u015fitli projelerimiz: Karadelik \u00c7\u00f6z\u00fcmleri, Y\u00fcksek\u00f6\u011fretim Kurumlar\u0131 taraf\u0131ndan destekli bilimsel ara\u015ft\u0131rma projesi, Y\u00fcr\u00fct\u00fcc\u00fc:\u0130HSAN YILMAZ, , 01\/04\/2003 &#8211; 06\/06\/2005 (ULUSAL) Kuantum Bili\u015fim Teknolojileri Kullan\u0131larak Kuantum A\u011f Sim\u00fclasyon [&#8230;]<\/p>\n","protected":false},"author":1,"featured_media":0,"parent":0,"menu_order":0,"comment_status":"closed","ping_status":"closed","template":"","meta":{"footnotes":""},"class_list":["post-66","page","type-page","status-publish","hentry"],"yoast_head":"<!-- This site is optimized with the Yoast SEO plugin v23.5 - https:\/\/yoast.com\/wordpress\/plugins\/seo\/ -->\n<title>Projeler - QFriends<\/title>\n<meta name=\"robots\" content=\"index, follow, max-snippet:-1, max-image-preview:large, max-video-preview:-1\" \/>\n<link rel=\"canonical\" href=\"https:\/\/qfriends.com.tr\/index.php\/projeler\/\" \/>\n<meta property=\"og:locale\" content=\"tr_TR\" \/>\n<meta property=\"og:type\" content=\"article\" \/>\n<meta property=\"og:title\" content=\"Projeler - QFriends\" \/>\n<meta property=\"og:description\" content=\"\u00c7e\u015fitli projelerimiz: Karadelik \u00c7\u00f6z\u00fcmleri, Y\u00fcksek\u00f6\u011fretim Kurumlar\u0131 taraf\u0131ndan destekli bilimsel ara\u015ft\u0131rma projesi, Y\u00fcr\u00fct\u00fcc\u00fc:\u0130HSAN YILMAZ, , 01\/04\/2003 &#8211; 06\/06\/2005 (ULUSAL) Kuantum Bili\u015fim Teknolojileri Kullan\u0131larak Kuantum A\u011f Sim\u00fclasyon [...]\" \/>\n<meta property=\"og:url\" content=\"https:\/\/qfriends.com.tr\/index.php\/projeler\/\" \/>\n<meta property=\"og:site_name\" content=\"QFriends\" \/>\n<meta name=\"twitter:card\" content=\"summary_large_image\" \/>\n<script type=\"application\/ld+json\" class=\"yoast-schema-graph\">{\"@context\":\"https:\/\/schema.org\",\"@graph\":[{\"@type\":\"WebPage\",\"@id\":\"https:\/\/qfriends.com.tr\/index.php\/projeler\/\",\"url\":\"https:\/\/qfriends.com.tr\/index.php\/projeler\/\",\"name\":\"Projeler - QFriends\",\"isPartOf\":{\"@id\":\"https:\/\/qfriends.com.tr\/#website\"},\"datePublished\":\"2024-09-26T12:40:06+00:00\",\"dateModified\":\"2024-09-26T12:40:06+00:00\",\"breadcrumb\":{\"@id\":\"https:\/\/qfriends.com.tr\/index.php\/projeler\/#breadcrumb\"},\"inLanguage\":\"tr\",\"potentialAction\":[{\"@type\":\"ReadAction\",\"target\":[\"https:\/\/qfriends.com.tr\/index.php\/projeler\/\"]}]},{\"@type\":\"BreadcrumbList\",\"@id\":\"https:\/\/qfriends.com.tr\/index.php\/projeler\/#breadcrumb\",\"itemListElement\":[{\"@type\":\"ListItem\",\"position\":1,\"name\":\"Anasayfa\",\"item\":\"https:\/\/qfriends.com.tr\/\"},{\"@type\":\"ListItem\",\"position\":2,\"name\":\"Projeler\"}]},{\"@type\":\"WebSite\",\"@id\":\"https:\/\/qfriends.com.tr\/#website\",\"url\":\"https:\/\/qfriends.com.tr\/\",\"name\":\"QFriends\",\"description\":\"Gelecek Kuantumda\",\"potentialAction\":[{\"@type\":\"SearchAction\",\"target\":{\"@type\":\"EntryPoint\",\"urlTemplate\":\"https:\/\/qfriends.com.tr\/?s={search_term_string}\"},\"query-input\":{\"@type\":\"PropertyValueSpecification\",\"valueRequired\":true,\"valueName\":\"search_term_string\"}}],\"inLanguage\":\"tr\"}]}<\/script>\n<!-- \/ Yoast SEO plugin. -->","yoast_head_json":{"title":"Projeler - QFriends","robots":{"index":"index","follow":"follow","max-snippet":"max-snippet:-1","max-image-preview":"max-image-preview:large","max-video-preview":"max-video-preview:-1"},"canonical":"https:\/\/qfriends.com.tr\/index.php\/projeler\/","og_locale":"tr_TR","og_type":"article","og_title":"Projeler - QFriends","og_description":"\u00c7e\u015fitli projelerimiz: Karadelik \u00c7\u00f6z\u00fcmleri, Y\u00fcksek\u00f6\u011fretim Kurumlar\u0131 taraf\u0131ndan destekli bilimsel ara\u015ft\u0131rma projesi, Y\u00fcr\u00fct\u00fcc\u00fc:\u0130HSAN YILMAZ, , 01\/04\/2003 &#8211; 06\/06\/2005 (ULUSAL) Kuantum Bili\u015fim Teknolojileri Kullan\u0131larak Kuantum A\u011f Sim\u00fclasyon [...]","og_url":"https:\/\/qfriends.com.tr\/index.php\/projeler\/","og_site_name":"QFriends","twitter_card":"summary_large_image","schema":{"@context":"https:\/\/schema.org","@graph":[{"@type":"WebPage","@id":"https:\/\/qfriends.com.tr\/index.php\/projeler\/","url":"https:\/\/qfriends.com.tr\/index.php\/projeler\/","name":"Projeler - QFriends","isPartOf":{"@id":"https:\/\/qfriends.com.tr\/#website"},"datePublished":"2024-09-26T12:40:06+00:00","dateModified":"2024-09-26T12:40:06+00:00","breadcrumb":{"@id":"https:\/\/qfriends.com.tr\/index.php\/projeler\/#breadcrumb"},"inLanguage":"tr","potentialAction":[{"@type":"ReadAction","target":["https:\/\/qfriends.com.tr\/index.php\/projeler\/"]}]},{"@type":"BreadcrumbList","@id":"https:\/\/qfriends.com.tr\/index.php\/projeler\/#breadcrumb","itemListElement":[{"@type":"ListItem","position":1,"name":"Anasayfa","item":"https:\/\/qfriends.com.tr\/"},{"@type":"ListItem","position":2,"name":"Projeler"}]},{"@type":"WebSite","@id":"https:\/\/qfriends.com.tr\/#website","url":"https:\/\/qfriends.com.tr\/","name":"QFriends","description":"Gelecek Kuantumda","potentialAction":[{"@type":"SearchAction","target":{"@type":"EntryPoint","urlTemplate":"https:\/\/qfriends.com.tr\/?s={search_term_string}"},"query-input":{"@type":"PropertyValueSpecification","valueRequired":true,"valueName":"search_term_string"}}],"inLanguage":"tr"}]}},"_links":{"self":[{"href":"https:\/\/qfriends.com.tr\/index.php\/wp-json\/wp\/v2\/pages\/66","targetHints":{"allow":["GET"]}}],"collection":[{"href":"https:\/\/qfriends.com.tr\/index.php\/wp-json\/wp\/v2\/pages"}],"about":[{"href":"https:\/\/qfriends.com.tr\/index.php\/wp-json\/wp\/v2\/types\/page"}],"author":[{"embeddable":true,"href":"https:\/\/qfriends.com.tr\/index.php\/wp-json\/wp\/v2\/users\/1"}],"replies":[{"embeddable":true,"href":"https:\/\/qfriends.com.tr\/index.php\/wp-json\/wp\/v2\/comments?post=66"}],"version-history":[{"count":1,"href":"https:\/\/qfriends.com.tr\/index.php\/wp-json\/wp\/v2\/pages\/66\/revisions"}],"predecessor-version":[{"id":67,"href":"https:\/\/qfriends.com.tr\/index.php\/wp-json\/wp\/v2\/pages\/66\/revisions\/67"}],"wp:attachment":[{"href":"https:\/\/qfriends.com.tr\/index.php\/wp-json\/wp\/v2\/media?parent=66"}],"curies":[{"name":"wp","href":"https:\/\/api.w.org\/{rel}","templated":true}]}}